{"id":1124,"date":"2019-05-25T17:00:08","date_gmt":"2019-05-25T15:00:08","guid":{"rendered":"http:\/\/www.afd-schifferstadt.de\/?page_id=1124"},"modified":"2022-03-25T00:12:42","modified_gmt":"2022-03-24T22:12:42","slug":"buerger-und-ratsinformationssystem","status":"publish","type":"page","link":"https:\/\/www.afd-schifferstadt.de\/?page_id=1124","title":{"rendered":"B\u00fcrger- und Ratsinformationssystem"},"content":{"rendered":"\n<p class=\"has-text-align-center\">Sie m\u00f6chten sich dar\u00fcber informieren was im Stadtrat behandelt wird oder in der Vergangenheit bereits verabschiedet wurde?<br>Dann nutzen Sie das <a href=\"https:\/\/www.schifferstadt.de\/rathaus\/buerger-und-ratsinformationssystem\/\">B\u00fcrger- und Ratsinformationssystem<\/a> der Stadt Schifferstadt. Hier k\u00f6nnen Sie sich rundum informieren.<br>&#8222;Im B\u00fcrger- und Ratsinformationssystem haben alle B\u00fcrgerinnen und B\u00fcrger die M\u00f6glichkeit nach Vorlagen, Sitzungen, Niederschriften und Beschl\u00fcssen aus der Gremienarbeit zu recherchieren. Weiterhin k\u00f6nnen Sie sich mittels des Terminkalenders einen \u00dcberblick \u00fcber die anstehenden Termine verschaffen.<br>Zu den \u00f6ffentlichen Sitzungen sind alle B\u00fcrgerinnen und B\u00fcrger recht herzlich eingeladen!&#8220;<\/p>\n","protected":false},"excerpt":{"rendered":"<p>Sie m\u00f6chten sich dar\u00fcber informieren was im Stadtrat behandelt wird oder in der Vergangenheit bereits verabschiedet wurde?Dann nutzen Sie das B\u00fcrger- und Ratsinformationssystem der Stadt Schifferstadt. Hier k\u00f6nnen Sie sich rundum informieren.&#8222;Im B\u00fcrger- und Ratsinformationssystem haben alle B\u00fcrgerinnen und B\u00fcrger die M\u00f6glichkeit nach Vorlagen, Sitzungen, Niederschriften und Beschl\u00fcssen aus der Gremienarbeit zu recherchieren. Weiterhin k\u00f6nnen &hellip; <\/p>\n","protected":false},"author":1,"featured_media":0,"parent":61,"menu_order":5,"comment_status":"closed","ping_status":"closed","template":"","meta":{"footnotes":""},"class_list":["post-1124","page","type-page","status-publish","hentry"],"_links":{"self":[{"href":"https:\/\/www.afd-schifferstadt.de\/index.php?rest_route=\/wp\/v2\/pages\/1124","targetHints":{"allow":["GET"]}}],"collection":[{"href":"https:\/\/www.afd-schifferstadt.de\/index.php?rest_route=\/wp\/v2\/pages"}],"about":[{"href":"https:\/\/www.afd-schifferstadt.de\/index.php?rest_route=\/wp\/v2\/types\/page"}],"author":[{"embeddable":true,"href":"https:\/\/www.afd-schifferstadt.de\/index.php?rest_route=\/wp\/v2\/users\/1"}],"replies":[{"embeddable":true,"href":"https:\/\/www.afd-schifferstadt.de\/index.php?rest_route=%2Fwp%2Fv2%2Fcomments&post=1124"}],"version-history":[{"count":3,"href":"https:\/\/www.afd-schifferstadt.de\/index.php?rest_route=\/wp\/v2\/pages\/1124\/revisions"}],"predecessor-version":[{"id":1369,"href":"https:\/\/www.afd-schifferstadt.de\/index.php?rest_route=\/wp\/v2\/pages\/1124\/revisions\/1369"}],"up":[{"embeddable":true,"href":"https:\/\/www.afd-schifferstadt.de\/index.php?rest_route=\/wp\/v2\/pages\/61"}],"wp:attachment":[{"href":"https:\/\/www.afd-schifferstadt.de\/index.php?rest_route=%2Fwp%2Fv2%2Fmedia&parent=1124"}],"curies":[{"name":"wp","href":"https:\/\/api.w.org\/{rel}","templated":true}]}}