{"id":12,"date":"2014-01-23T00:24:13","date_gmt":"2014-01-22T22:24:13","guid":{"rendered":"http:\/\/www.afd-rhein-pfalzafd-schifferstadt.de\/?page_id=12"},"modified":"2022-03-25T00:02:37","modified_gmt":"2022-03-24T22:02:37","slug":"mitwirken","status":"publish","type":"page","link":"https:\/\/www.afd-schifferstadt.de\/?page_id=12","title":{"rendered":"Mitwirken bei uns"},"content":{"rendered":"\n<p class=\"has-text-align-center\">Wir freuen wir uns \u00fcber jeden weiteren B\u00fcrger, der uns unterst\u00fctzen m\u00f6chte. Sie k\u00f6nnen dies auf verschiedene Weise tun:<\/p>\n\n\n\n<div class=\"wp-block-columns .latest-posts-custom is-layout-flex wp-container-core-columns-is-layout-9d6595d7 wp-block-columns-is-layout-flex\">\n<div class=\"wp-block-column is-layout-flow wp-block-column-is-layout-flow\">\n<h3 class=\"has-text-align-center wp-block-heading\">Werden Sie Mitglied!<\/h3>\n\n\n\n<p class=\"has-text-align-center .latest-posts-custom\">Der Mindestmitgliedsbeitrag betr\u00e4gt 10 Euro pro Monat f\u00fcr Berufst\u00e4tige und 2,50 Euro pro Monat f\u00fcr Nichtberufst\u00e4tige oder in besonderen sozialen H\u00e4rtef\u00e4llen. Sie interessieren sich f\u00fcr eine Mitgliedschaft oder wollen erstmal nur mit uns in Kontakt treten? Dann schreiben Sie uns einfach an: post@afd-schifferstadt.de<\/p>\n\n\n\n<p class=\"has-text-align-center\"><a href=\"https:\/\/www.afd.de\/mitglied-werden\/\">Weitere Infos auf der AFD-Bundes-Seite<\/a><\/p>\n\n\n\n<p class=\"has-text-align-center\">Den Mitgliedsantrag k\u00f6nnen Sie direkt <a href=\"http:\/\/www.afd-schifferstadt.de\/?page_id=147\">hier<\/a> herunterladen.<\/p>\n<\/div>\n\n\n\n<div class=\"wp-block-column is-layout-flow wp-block-column-is-layout-flow\">\n<h3 class=\"has-text-align-center wp-block-heading\">F\u00f6rdern Sie uns!<\/h3>\n\n\n\n<p class=\"has-text-align-center\">Als F\u00f6rderer der Alternative f\u00fcr Deutschland bleiben Sie parteilos, verpflichten sich aber, mindestens den halben Mitgliedsbeitrag zu bezahlen. Im Gegenzug erhalten Sie dieselben Informationen wie die Parteimitglieder und k\u00f6nnen als G\u00e4ste mit Rederecht (aber ohne Stimmrecht) zu Parteitagen zugelassen werden.<\/p>\n\n\n\n<p class=\"has-text-align-center\"><a href=\"https:\/\/www.afd.de\/mitglied-werden\/\">Weitere Infos auf der AFD-Bundes-Seite<\/a><\/p>\n<\/div>\n<\/div>\n\n\n\n<hr class=\"wp-block-separator is-style-default mein-trenner\"\/>\n\n\n\n<div class=\"wp-block-group\"><div class=\"wp-block-group__inner-container is-layout-flow wp-block-group-is-layout-flow\">\n<h3 class=\"has-text-align-center wp-block-heading\">Unterst\u00fctzen Sie uns!<\/h3>\n\n\n\n<p class=\"has-text-align-center\">Mit Ihrer Spende tragen Sie dazu bei, dass die AfD in bevorstehenden Wahlen <em>handlungsf\u00e4hig <\/em>ist, zudem ihren Anspruch aus der staatlichen Teilfinanzierung besser aussch\u00f6pfen und hieraus auch Vorteile f\u00fcr die Zukunft ziehen kann.<\/p>\n\n\n\n<p class=\"has-text-align-center\">Sie k\u00f6nnen selbstverst\u00e4ndlich auch direkt zugunsten des AFD-Ortsverbandes Schifferstadt spenden<\/p>\n\n\n\n<p class=\"has-text-align-center\">Alternative f\u00fcr Deutschland OV Schifferstadt<br>Volksbank Kur-und Rheinpfalz e.G.<br>IBAN: DE93547900000001294440<br>BIC: GENODE61SPE<\/p>\n\n\n\n<p class=\"has-text-align-center\">Sollten Sie eine Spendenquittung ben\u00f6tigen, dann setzen Sie sich bitte \u00fcber das Kontaktformular mit uns in Verbindung. Bitte verwenden Sie den Betreff \u201eSpendenquittung\u201c.<\/p>\n\n\n\n<p class=\"has-text-align-center\"><strong>F\u00fcr Ihre Unterst\u00fctzung bedanken wir uns herzlich im Voraus!<\/strong><\/p>\n<\/div><\/div>\n","protected":false},"excerpt":{"rendered":"<p>Wir freuen wir uns \u00fcber jeden weiteren B\u00fcrger, der uns unterst\u00fctzen m\u00f6chte. Sie k\u00f6nnen dies auf verschiedene Weise tun: Werden Sie Mitglied! Der Mindestmitgliedsbeitrag betr\u00e4gt 10 Euro pro Monat f\u00fcr Berufst\u00e4tige und 2,50 Euro pro Monat f\u00fcr Nichtberufst\u00e4tige oder in besonderen sozialen H\u00e4rtef\u00e4llen. Sie interessieren sich f\u00fcr eine Mitgliedschaft oder wollen erstmal nur mit uns &hellip; <\/p>\n","protected":false},"author":1,"featured_media":0,"parent":61,"menu_order":3,"comment_status":"closed","ping_status":"closed","template":"","meta":{"footnotes":""},"class_list":["post-12","page","type-page","status-publish","hentry"],"_links":{"self":[{"href":"https:\/\/www.afd-schifferstadt.de\/index.php?rest_route=\/wp\/v2\/pages\/12","targetHints":{"allow":["GET"]}}],"collection":[{"href":"https:\/\/www.afd-schifferstadt.de\/index.php?rest_route=\/wp\/v2\/pages"}],"about":[{"href":"https:\/\/www.afd-schifferstadt.de\/index.php?rest_route=\/wp\/v2\/types\/page"}],"author":[{"embeddable":true,"href":"https:\/\/www.afd-schifferstadt.de\/index.php?rest_route=\/wp\/v2\/users\/1"}],"replies":[{"embeddable":true,"href":"https:\/\/www.afd-schifferstadt.de\/index.php?rest_route=%2Fwp%2Fv2%2Fcomments&post=12"}],"version-history":[{"count":33,"href":"https:\/\/www.afd-schifferstadt.de\/index.php?rest_route=\/wp\/v2\/pages\/12\/revisions"}],"predecessor-version":[{"id":1364,"href":"https:\/\/www.afd-schifferstadt.de\/index.php?rest_route=\/wp\/v2\/pages\/12\/revisions\/1364"}],"up":[{"embeddable":true,"href":"https:\/\/www.afd-schifferstadt.de\/index.php?rest_route=\/wp\/v2\/pages\/61"}],"wp:attachment":[{"href":"https:\/\/www.afd-schifferstadt.de\/index.php?rest_route=%2Fwp%2Fv2%2Fmedia&parent=12"}],"curies":[{"name":"wp","href":"https:\/\/api.w.org\/{rel}","templated":true}]}}