{"id":125,"date":"2014-02-12T11:50:47","date_gmt":"2014-02-12T09:50:47","guid":{"rendered":"http:\/\/www.afd-schifferstadt.de\/?page_id=125"},"modified":"2023-01-12T22:24:20","modified_gmt":"2023-01-12T21:24:20","slug":"aktuelles-im-kreis","status":"publish","type":"page","link":"https:\/\/www.afd-schifferstadt.de\/?page_id=125","title":{"rendered":"Aktuelles in Schifferstadt"},"content":{"rendered":"\n<p>Hier sind Schifferstadt betreffende Neuigkeiten zu finden<\/p>\n\n\n<ul class=\"wp-block-latest-posts__list has-dates wp-block-latest-posts\"><li><a class=\"wp-block-latest-posts__post-title\" href=\"https:\/\/www.afd-schifferstadt.de\/?p=1622\">Statement zur Haushaltsberatung 2026 und zum Antrag der AfD vom 05.02.2026 im Stadtrat<\/a><time datetime=\"2026-02-18T21:49:04+01:00\" class=\"wp-block-latest-posts__post-date\">18. Februar 2026<\/time><div class=\"wp-block-latest-posts__post-excerpt\">Auch hier bei uns im Stadtrat Schifferstadt herrscht der links-gr\u00fcne Filz! Es war absehbar, dass alle Fraktionen \u2013 mit Ausnahme der Alternative f\u00fcr Deutschland \u2013 dem Haushalt der Stadt Schifferstadt f\u00fcr das Haushaltsjahr 2026 zustimmen w\u00fcrden.Was sind schon 2,9 Millionen Euro Defizit? Schlie\u00dflich wurde ja \u201eviel hinterfragt\u201c.Und \u00fcberhaupt: Die Verschuldung ist doch von 32 Millionen &hellip; <\/div><\/li>\n<li><div class=\"wp-block-latest-posts__featured-image alignleft\"><img loading=\"lazy\" decoding=\"async\" width=\"150\" height=\"150\" src=\"https:\/\/www.afd-schifferstadt.de\/wp-content\/uploads\/2025\/07\/AfD-Briefkopf-150x150.jpg\" class=\"attachment-thumbnail size-thumbnail wp-post-image\" alt=\"AfD-Briefkopf\" style=\"\" \/><\/div><a class=\"wp-block-latest-posts__post-title\" href=\"https:\/\/www.afd-schifferstadt.de\/?p=1599\">Stellungnahme zum Thema: Stadtpark<\/a><time datetime=\"2025-06-30T22:22:00+02:00\" class=\"wp-block-latest-posts__post-date\">30. Juni 2025<\/time><div class=\"wp-block-latest-posts__post-excerpt\">Sehr geehrte Mitb\u00fcrgerinnen und Mitb\u00fcrger, mit gro\u00dfem Bedauern und wachsendem Unverst\u00e4ndnis muss ich die aktuellen Zust\u00e4nde im neu er\u00f6ffneten Stadtpark im Herzen Schifferstadts anprangern.Was einst als Ort der Ruhe, Erholung und Gemeinschaf t geplant war, hat sich in k\u00fcrzester Zeit zu einem Treffpunkt f\u00fcr n\u00e4chtliche Ruhest\u00f6rung, Vandalismus und Missachtung grundlegender gesellschaftlicher Werte entwickelt.Die Ereignisse der &hellip; <\/div><\/li>\n<li><div class=\"wp-block-latest-posts__featured-image alignleft\"><img loading=\"lazy\" decoding=\"async\" width=\"150\" height=\"150\" src=\"https:\/\/www.afd-schifferstadt.de\/wp-content\/uploads\/2025\/06\/WhatsApp-Bild-2025-06-24-um-21.02.20_5f8b493c-150x150.jpg\" class=\"attachment-thumbnail size-thumbnail wp-post-image\" alt=\"Bild aus dem Stadtpark 2025-06-24 um 21.02.20\" style=\"\" \/><\/div><a class=\"wp-block-latest-posts__post-title\" href=\"https:\/\/www.afd-schifferstadt.de\/?p=1581\">Leserbrief zur Situation im Stadtpark<\/a><time datetime=\"2025-06-29T13:59:58+02:00\" class=\"wp-block-latest-posts__post-date\">29. Juni 2025<\/time><div class=\"wp-block-latest-posts__post-excerpt\">Leserbrief zur Situation im Stadtpark&#8222;Stadtpark im Herzen Schifferstadt nachts au\u00dfer Rand und Band Am 10.5.25 wurde der neue Stadtpark im Herzen Schifferstadts er\u00f6ffnet. Lange hat es nicht gedauert, bis dieser auch ausgiebig nachts von Nachtschw\u00e4rmern entdeckt wurde. Die Schilder am Eingang bzgl. der \u00d6ffnungszeiten werden diskret von diesen \u00fcbersehen, auch was erlaubt und verboten ist, &hellip; <\/div><\/li>\n<li><a class=\"wp-block-latest-posts__post-title\" href=\"https:\/\/www.afd-schifferstadt.de\/?p=1576\">Stadtratsfraktion: Spatenstich bei AUTEC<\/a><time datetime=\"2025-06-12T17:58:29+02:00\" class=\"wp-block-latest-posts__post-date\">12. Juni 2025<\/time><div class=\"wp-block-latest-posts__post-excerpt\">Dank f\u00fcr den gelungenen Spatenstich bei AUTEC in Schifferstadt Am letzten Donnerstag war unsere Stadtratsfraktion mit zwei Mitgliedern beim Spatenstich der Firma AUTEC f\u00fcr die neue 4.300 m\u00b2 gro\u00dfe Lagerhalle im Ziegeleiweg vertreten. Die Veranstaltung war \u00e4u\u00dferst gelungen. Wir haben einige interessante Gespr\u00e4che gef\u00fchrt sowie eine inspirierende Rede des Gesch\u00e4ftsf\u00fchrers Herrn Dr. Hans-Uwe Berger geh\u00f6rt. &hellip; <\/div><\/li>\n<li><a class=\"wp-block-latest-posts__post-title\" href=\"https:\/\/www.afd-schifferstadt.de\/?p=1561\">AFD Stadtratsfraktion: Reaktion auf Rheinpfalz Artikel vom 08.04.25<\/a><time datetime=\"2025-04-14T22:27:04+02:00\" class=\"wp-block-latest-posts__post-date\">14. April 2025<\/time><div class=\"wp-block-latest-posts__post-excerpt\">Hallo Liebe B\u00fcrgerinnen und B\u00fcrger, ich m\u00f6chte auf die \u00c4u\u00dferungen von Herrn Ulrich Schwind in dem k\u00fcrzlich ver\u00f6ffentlichten Artikel der Rheinpfalz vom 08.04.25 eingehen. Ja ich habe bei seiner Aussage, zu den demokratischen Parteien ein herzhaftes St\u00f6hnen von mir gegeben, aber auch andere Ratsmitglieder aus anderen Fraktionen. Es ist einfach k\u00f6stlich zu beobachten, wie jemand &hellip; <\/div><\/li>\n<li><a class=\"wp-block-latest-posts__post-title\" href=\"https:\/\/www.afd-schifferstadt.de\/?p=1557\">R\u00fcckmeldung zum T\u00e4tigkeitsbericht im Ausschuss f\u00fcr Generationen und Soziales, Schultr\u00e4gerausschuss<\/a><time datetime=\"2025-03-26T22:27:21+01:00\" class=\"wp-block-latest-posts__post-date\">26. M\u00e4rz 2025<\/time><div class=\"wp-block-latest-posts__post-excerpt\">R\u00fcckmeldung zu Ihrem T\u00e4tigkeitsbericht im Ausschuss f\u00fcr Generationen und Soziales, Schultr\u00e4gerausschuss: Sehr geehrte Frau Sold,zun\u00e4chst m\u00f6chte ich Ihnen f\u00fcr Ihren langj\u00e4hrigen ehrenamtlichen Einsatz als Gleichstellungsbeauftragte der Stadt Schifferstadt danken.Ihre Arbeit ist von gro\u00dfer Bedeutung, und ich sch\u00e4tze Ihr Engagement f\u00fcr die Gleichstellung der Geschlechter. Ihr Einsatz in dieser wichtigen Position seit 2005 ist unbestritten und &hellip; <\/div><\/li>\n<li><a class=\"wp-block-latest-posts__post-title\" href=\"https:\/\/www.afd-schifferstadt.de\/?p=1555\">AFD Stadtratsfraktion: Statement zur Bundestagswahl<\/a><time datetime=\"2025-02-28T22:41:12+01:00\" class=\"wp-block-latest-posts__post-date\">28. Februar 2025<\/time><div class=\"wp-block-latest-posts__post-excerpt\">Hallo liebe B\u00fcrgerinnen und B\u00fcrger,die Bundestagswahl liegt nun hinter uns, und wir konnten ein historisches Ergebnis f\u00fcr unsere AfD einfahren! Mit 20,8 % im Bund wurde unsere AfD trotz aller Hetze und Demos gegen rechts klar zweitst\u00e4rkste politische Kraft in Deutschland! In Schifferstadt haben wir ein Plus von 9,6 % auf 19,7 % erreicht und &hellip; <\/div><\/li>\n<li><a class=\"wp-block-latest-posts__post-title\" href=\"https:\/\/www.afd-schifferstadt.de\/?p=1552\">Haushaltsrede der AfD-Fraktion f\u00fcr den Haushalt 2025<\/a><time datetime=\"2025-02-02T23:16:24+01:00\" class=\"wp-block-latest-posts__post-date\">2. Februar 2025<\/time><div class=\"wp-block-latest-posts__post-excerpt\">Sehr geehrte Frau B\u00fcrgermeisterin, liebe Kolleginnen und Kollegen,werte B\u00fcrgerinnen und B\u00fcrger, wir stehen heute hier, um \u00fcber den Haushalt f\u00fcr das Jahr 2025 zu sprechen und zu entscheiden. Doch anstatt voller Zuversicht und Visionen in die Zukunft zu blicken, m\u00fcssen wir uns mit der Realit\u00e4t auseinandersetzen. Der Haushalt hat einen Fehlbetrag von 2 Millionen Euro &hellip; <\/div><\/li>\n<li><div class=\"wp-block-latest-posts__featured-image alignleft\"><img loading=\"lazy\" decoding=\"async\" width=\"150\" height=\"150\" src=\"https:\/\/www.afd-schifferstadt.de\/wp-content\/uploads\/2024\/06\/Stadtraete2024-150x150.jpg\" class=\"attachment-thumbnail size-thumbnail wp-post-image\" alt=\"\" style=\"\" \/><\/div><a class=\"wp-block-latest-posts__post-title\" href=\"https:\/\/www.afd-schifferstadt.de\/?p=1536\">Erstes Statement unserer Stadtratsfraktion<\/a><time datetime=\"2024-07-13T14:54:42+02:00\" class=\"wp-block-latest-posts__post-date\">13. Juli 2024<\/time><div class=\"wp-block-latest-posts__post-excerpt\">Wie man anhand der Reaktionen und Statements der anderen Parteien unschwer erkennen kann, sind wir von der Fraktion Alternative f\u00fcr Deutschland mit der Wahl mehr als zufrieden. Hatten wir im Jahr 2019 noch 8,8 % und 3 Sitze im Stadtrat, k\u00f6nnen wir jetzt auf stolze 14,6 % und 5 Sitze im Stadtrat setzen. Das macht &hellip; <\/div><\/li>\n<li><div class=\"wp-block-latest-posts__featured-image alignleft\"><img loading=\"lazy\" decoding=\"async\" width=\"150\" height=\"150\" src=\"https:\/\/www.afd-schifferstadt.de\/wp-content\/uploads\/2024\/05\/StandSchifferstadt-150x150.jpg\" class=\"attachment-thumbnail size-thumbnail wp-post-image\" alt=\"Infostand in Schifferstadt\" style=\"\" \/><\/div><a class=\"wp-block-latest-posts__post-title\" href=\"https:\/\/www.afd-schifferstadt.de\/?p=1517\">Wahlkampf in Schifferstadt<\/a><time datetime=\"2024-05-30T12:44:15+02:00\" class=\"wp-block-latest-posts__post-date\">30. Mai 2024<\/time><div class=\"wp-block-latest-posts__post-excerpt\">Wir sind f\u00fcr die Fragen der B\u00fcrger vor Ort auch am Schillerplatz in Schifferstadt.Informationen aus erster Hand. Update 07.06.24: Endspurt auf dem Schillerplatz &#x2600;Wir hatten wieder Hilfe aus Limburgerhof und Maxdorf. Es war tolles Wetter und wir hatten zahlreiche gute\u00a0Gespr\u00e4che&#8230;<\/div><\/li>\n<\/ul>","protected":false},"excerpt":{"rendered":"<p>Hier sind Schifferstadt betreffende Neuigkeiten zu finden<\/p>\n","protected":false},"author":1,"featured_media":0,"parent":61,"menu_order":0,"comment_status":"closed","ping_status":"open","template":"","meta":{"footnotes":""},"class_list":["post-125","page","type-page","status-publish","hentry"],"_links":{"self":[{"href":"https:\/\/www.afd-schifferstadt.de\/index.php?rest_route=\/wp\/v2\/pages\/125","targetHints":{"allow":["GET"]}}],"collection":[{"href":"https:\/\/www.afd-schifferstadt.de\/index.php?rest_route=\/wp\/v2\/pages"}],"about":[{"href":"https:\/\/www.afd-schifferstadt.de\/index.php?rest_route=\/wp\/v2\/types\/page"}],"author":[{"embeddable":true,"href":"https:\/\/www.afd-schifferstadt.de\/index.php?rest_route=\/wp\/v2\/users\/1"}],"replies":[{"embeddable":true,"href":"https:\/\/www.afd-schifferstadt.de\/index.php?rest_route=%2Fwp%2Fv2%2Fcomments&post=125"}],"version-history":[{"count":12,"href":"https:\/\/www.afd-schifferstadt.de\/index.php?rest_route=\/wp\/v2\/pages\/125\/revisions"}],"predecessor-version":[{"id":1458,"href":"https:\/\/www.afd-schifferstadt.de\/index.php?rest_route=\/wp\/v2\/pages\/125\/revisions\/1458"}],"up":[{"embeddable":true,"href":"https:\/\/www.afd-schifferstadt.de\/index.php?rest_route=\/wp\/v2\/pages\/61"}],"wp:attachment":[{"href":"https:\/\/www.afd-schifferstadt.de\/index.php?rest_route=%2Fwp%2Fv2%2Fmedia&parent=125"}],"curies":[{"name":"wp","href":"https:\/\/api.w.org\/{rel}","templated":true}]}}