{"id":1500,"date":"2024-05-11T22:07:51","date_gmt":"2024-05-11T20:07:51","guid":{"rendered":"https:\/\/www.afd-schifferstadt.de\/?page_id=1500"},"modified":"2024-05-20T12:53:20","modified_gmt":"2024-05-20T10:53:20","slug":"kommunalwahl-2024","status":"publish","type":"page","link":"https:\/\/www.afd-schifferstadt.de\/?page_id=1500","title":{"rendered":"Kommunalwahl 2024"},"content":{"rendered":"\n<p class=\"has-text-align-center\">Liebe Mitb\u00fcrgerinnen und liebe Mitb\u00fcrger von Schifferstadt<\/p>\n\n\n\n<p class=\"has-text-align-center\">wir, der AfD Ortsverband Schifferstadt, freuen uns Ihnen mitzuteilen, dass wir 22 Kandidaten f\u00fcr den kommenden Stadtrat gew\u00e4hlt haben.&nbsp;<\/p>\n\n\n\n<p class=\"has-text-align-center\">Davon wurden folgende Spitzenkandidaten und Spitzenkandidatinnen f\u00fcr den Listenplatz 1 bis 6 nominiert:<\/p>\n\n\n\n<p class=\"has-text-align-center\"><\/p>\n\n\n\n<ol class=\"wp-block-list\">\n<li><strong>Hans J\u00fcrgen Schmidt<\/strong> &#8211; Polizeibeamter a.D.<\/li>\n\n\n\n<li><strong>Martin Bertram<\/strong> &#8211; Feuerwehrbeamter<\/li>\n\n\n\n<li><strong>Frank Matthias Kolmer<\/strong> &#8211; Fachberater Vertrieb\/Gebietsleiter<\/li>\n\n\n\n<li><strong>Michael Niepieklo <\/strong>&#8211; Rentner<\/li>\n\n\n\n<li><strong>Stefanie Imo<\/strong> &#8211; Betriebswirtin<\/li>\n\n\n\n<li><strong>Sabine Kerber<\/strong> &#8211; Verk\u00e4uferin<\/li>\n<\/ol>\n\n\n\n<p class=\"has-text-align-center\">Alle nominierten Kandidaten haben langj\u00e4hrige Erfahrungen in unterschiedlichsten Berufen gesammelt, wodurch sie ein breites Spektrum an Wissen und vielf\u00e4ltiger Lebenserfahrung abdecken k\u00f6nnen.&nbsp;&nbsp;<\/p>\n\n\n\n<p class=\"has-text-align-center\">Um gute und sinnvolle Politik von B\u00fcrgern f\u00fcr B\u00fcrger zu machen, m\u00fcssen die wahren Probleme der Bev\u00f6lkerung erkannt und verstanden werden. Erst dann ist man in der Lage L\u00f6sungen zu finden und diese auf direktem Wege umzusetzen.<\/p>\n\n\n\n<p class=\"has-text-align-center\">Gemeinsam werden wir uns verantwortungsbewusst und mit Engagement im Interesse der B\u00fcrger von Schifferstadt einsetzen; wozu wir uns verpflichtet f\u00fchlen.&nbsp;<\/p>\n\n\n\n<p class=\"has-text-align-center\">Die B\u00fcrger haben ein Recht auf eine echte politische Alternative und auf positive Ver\u00e4nderung.<\/p>\n\n\n\n<p class=\"has-text-align-center\">Wir machen keine leeren Versprechen, sondern werden uns mit R\u00fcckgrat und Leidenschaft im Interesse unserer sch\u00f6nen pf\u00e4lzischen Heimat und unserer Mitb\u00fcrgerinnen und Mitb\u00fcrger einsetzen.<\/p>\n\n\n\n<p class=\"has-text-align-center\">Um Ihnen Transparenz und unsere politischen Ziele aufzuzeigen, haben wir unser Kommunalwahlprogramm f\u00fcr Sie in einem Flyer zusammengestellt.<\/p>\n\n\n\n<figure class=\"wp-block-image size-large is-style-default\"><a href=\"https:\/\/www.afd-schifferstadt.de\/wp-content\/uploads\/2024\/05\/Flyer2024.jpg\"><img loading=\"lazy\" decoding=\"async\" width=\"1024\" height=\"712\" src=\"https:\/\/www.afd-schifferstadt.de\/wp-content\/uploads\/2024\/05\/Flyer2024-1024x712.jpg\" alt=\"Kommunal Flyer 2024\" class=\"wp-image-1512\" srcset=\"https:\/\/www.afd-schifferstadt.de\/wp-content\/uploads\/2024\/05\/Flyer2024-1024x712.jpg 1024w, https:\/\/www.afd-schifferstadt.de\/wp-content\/uploads\/2024\/05\/Flyer2024-300x209.jpg 300w, https:\/\/www.afd-schifferstadt.de\/wp-content\/uploads\/2024\/05\/Flyer2024-768x534.jpg 768w, https:\/\/www.afd-schifferstadt.de\/wp-content\/uploads\/2024\/05\/Flyer2024-86x60.jpg 86w, https:\/\/www.afd-schifferstadt.de\/wp-content\/uploads\/2024\/05\/Flyer2024.jpg 1423w\" sizes=\"auto, (max-width: 1024px) 100vw, 1024px\" \/><\/a><\/figure>\n\n\n\n<p><\/p>\n\n\n\n<p class=\"has-text-align-center\">Deine Stadt<br>Deine Entscheidung<br>Deine Alternative<br>Deine Wahl<br>Mach dein Kreuz bei der AfD<\/p>\n\n\n\n<p class=\"has-text-align-center\">Ihr AfD Team f\u00fcr Schifferstadt<\/p>\n\n\n\n<p><\/p>\n\n\n\n<p class=\"has-text-align-center\">Wir w\u00fcnschen uns au\u00dferdem von unseren politischen Mitbewerbern einen hoffentlich fairen Wahlkampf. Wir werden uns immer als fairer Mitspieler pr\u00e4sentieren.<\/p>\n","protected":false},"excerpt":{"rendered":"<p>Dies sind unsere ersten f\u00fcnf Kandidaten f\u00fcr die Stadtratswahl: &#8230;<\/p>\n","protected":false},"author":1,"featured_media":0,"parent":0,"menu_order":0,"comment_status":"closed","ping_status":"closed","template":"","meta":{"footnotes":""},"class_list":["post-1500","page","type-page","status-publish","hentry"],"_links":{"self":[{"href":"https:\/\/www.afd-schifferstadt.de\/index.php?rest_route=\/wp\/v2\/pages\/1500","targetHints":{"allow":["GET"]}}],"collection":[{"href":"https:\/\/www.afd-schifferstadt.de\/index.php?rest_route=\/wp\/v2\/pages"}],"about":[{"href":"https:\/\/www.afd-schifferstadt.de\/index.php?rest_route=\/wp\/v2\/types\/page"}],"author":[{"embeddable":true,"href":"https:\/\/www.afd-schifferstadt.de\/index.php?rest_route=\/wp\/v2\/users\/1"}],"replies":[{"embeddable":true,"href":"https:\/\/www.afd-schifferstadt.de\/index.php?rest_route=%2Fwp%2Fv2%2Fcomments&post=1500"}],"version-history":[{"count":6,"href":"https:\/\/www.afd-schifferstadt.de\/index.php?rest_route=\/wp\/v2\/pages\/1500\/revisions"}],"predecessor-version":[{"id":1516,"href":"https:\/\/www.afd-schifferstadt.de\/index.php?rest_route=\/wp\/v2\/pages\/1500\/revisions\/1516"}],"wp:attachment":[{"href":"https:\/\/www.afd-schifferstadt.de\/index.php?rest_route=%2Fwp%2Fv2%2Fmedia&parent=1500"}],"curies":[{"name":"wp","href":"https:\/\/api.w.org\/{rel}","templated":true}]}}