{"id":2,"date":"2014-01-22T21:59:59","date_gmt":"2014-01-22T19:59:59","guid":{"rendered":"http:\/\/www.afd-schifferstadt.de\/?page_id=2"},"modified":"2025-09-16T23:05:48","modified_gmt":"2025-09-16T21:05:48","slug":"home","status":"publish","type":"page","link":"https:\/\/www.afd-schifferstadt.de\/","title":{"rendered":"Herzlich Willkommen bei der AfD Schifferstadt"},"content":{"rendered":"\n<div class=\"alignnormal\"><div id=\"metaslider-id-996\" style=\"width: 100%; margin: 0 auto;\" class=\"ml-slider-3-101-0 metaslider metaslider-responsive metaslider-996 ml-slider has-dots-nav ms-theme-outline\" role=\"region\" aria-label=\"Test\" data-height=\"384\" data-width=\"924\">\n    <div id=\"metaslider_container_996\">\n        <ul id='metaslider_996' class='rslides'>\n            <li aria-roledescription='slide' aria-labelledby='slide-0'><img loading=\"lazy\" decoding=\"async\" src=\"https:\/\/www.afd-schifferstadt.de\/wp-content\/uploads\/2017\/03\/Banner.png\" height=\"384\" width=\"924\" alt=\"\" class=\"slider-996 slide-1000 msDefaultImage\" title=\"Banner\" \/><\/li>\n            <li style='display: none;' aria-roledescription='slide' aria-labelledby='slide-1'><img loading=\"lazy\" decoding=\"async\" src=\"https:\/\/www.afd-schifferstadt.de\/wp-content\/uploads\/2021\/02\/Gesund-Bleiben.jpg\" height=\"384\" width=\"924\" alt=\"Gesund-Bleiben\" class=\"slider-996 slide-1191 msDefaultImage\" title=\"Gesund-Bleiben\" \/><\/li>\n            <li style='display: none;' aria-roledescription='slide' aria-labelledby='slide-2'><img loading=\"lazy\" decoding=\"async\" src=\"https:\/\/www.afd-schifferstadt.de\/wp-content\/uploads\/2019\/04\/Wasserturm.jpg\" height=\"384\" width=\"924\" alt=\"WIr sind Ihre Stimme\" class=\"slider-996 slide-999 msDefaultImage\" title=\"WIr sind Ihre Stimme\" \/><\/li>\n        <\/ul>\n        \n    <\/div>\n<\/div><\/div>\n\n\n\n<hr class=\"wp-block-separator has-alpha-channel-opacity\"\/>\n\n\n<ul class=\"wp-block-latest-posts__list is-grid columns-2 has-dates aligncenter latest-posts-custom wp-block-latest-posts\"><li><div class=\"wp-block-latest-posts__featured-image alignleft\"><img loading=\"lazy\" decoding=\"async\" width=\"150\" height=\"150\" src=\"https:\/\/www.afd-schifferstadt.de\/wp-content\/uploads\/2026\/03\/Schifferstadt-198-150x150.jpeg\" class=\"attachment-thumbnail size-thumbnail wp-post-image\" alt=\"Schifferstadt-19,8\" style=\"max-width:150px;\" srcset=\"https:\/\/www.afd-schifferstadt.de\/wp-content\/uploads\/2026\/03\/Schifferstadt-198-150x150.jpeg 150w, https:\/\/www.afd-schifferstadt.de\/wp-content\/uploads\/2026\/03\/Schifferstadt-198-300x300.jpeg 300w, https:\/\/www.afd-schifferstadt.de\/wp-content\/uploads\/2026\/03\/Schifferstadt-198-1024x1024.jpeg 1024w, https:\/\/www.afd-schifferstadt.de\/wp-content\/uploads\/2026\/03\/Schifferstadt-198-768x768.jpeg 768w, https:\/\/www.afd-schifferstadt.de\/wp-content\/uploads\/2026\/03\/Schifferstadt-198.jpeg 1110w\" sizes=\"auto, (max-width: 150px) 100vw, 150px\" \/><\/div><a class=\"wp-block-latest-posts__post-title\" href=\"https:\/\/www.afd-schifferstadt.de\/?p=1629\">Vielen Dank f\u00fcr Ihre Stimme!<\/a><time datetime=\"2026-03-22T22:34:34+01:00\" class=\"wp-block-latest-posts__post-date\">22. M\u00e4rz 2026<\/time><div class=\"wp-block-latest-posts__post-excerpt\">Wir danken all unseren W\u00e4hlern f\u00fcr Ihre Stimme. Nur so konnten wir stattliche 19,8 % erreichen.<\/div><\/li>\n<li><a class=\"wp-block-latest-posts__post-title\" href=\"https:\/\/www.afd-schifferstadt.de\/?p=1624\">Haushaltsrede 2026<\/a><time datetime=\"2026-02-20T16:47:14+01:00\" class=\"wp-block-latest-posts__post-date\">20. Februar 2026<\/time><div class=\"wp-block-latest-posts__post-excerpt\">Sehr geehrte Frau B\u00fcrgermeisterin, sehr geehrte Ratsmitglieder, liebe B\u00fcrgerinnen und B\u00fcrger, \u201eNicht happy, aber hoffnungsvoll\u201c so lautete eine \u00dcberschrift im Tagblatt zu den Haushaltsberatungen. Meine Damen und Herren, das ist Kommunalpolitik im Jahr 2026 in einem Satz: Nicht zufrieden, nicht solide, nicht ehrlich \u2013 aber man hofft, dass es irgendwie schon gutgehen wird.Genau dieses Prinzip &hellip; <\/div><\/li>\n<li><a class=\"wp-block-latest-posts__post-title\" href=\"https:\/\/www.afd-schifferstadt.de\/?p=1622\">Statement zur Haushaltsberatung 2026 und zum Antrag der AfD vom 05.02.2026 im Stadtrat<\/a><time datetime=\"2026-02-18T21:49:04+01:00\" class=\"wp-block-latest-posts__post-date\">18. Februar 2026<\/time><div class=\"wp-block-latest-posts__post-excerpt\">Auch hier bei uns im Stadtrat Schifferstadt herrscht der links-gr\u00fcne Filz! Es war absehbar, dass alle Fraktionen \u2013 mit Ausnahme der Alternative f\u00fcr Deutschland \u2013 dem Haushalt der Stadt Schifferstadt f\u00fcr das Haushaltsjahr 2026 zustimmen w\u00fcrden.Was sind schon 2,9 Millionen Euro Defizit? Schlie\u00dflich wurde ja \u201eviel hinterfragt\u201c.Und \u00fcberhaupt: Die Verschuldung ist doch von 32 Millionen &hellip; <\/div><\/li>\n<li><div class=\"wp-block-latest-posts__featured-image alignleft\"><img loading=\"lazy\" decoding=\"async\" width=\"150\" height=\"150\" src=\"https:\/\/www.afd-schifferstadt.de\/wp-content\/uploads\/2025\/07\/AfD-Briefkopf-150x150.jpg\" class=\"attachment-thumbnail size-thumbnail wp-post-image\" alt=\"AfD-Briefkopf\" style=\"max-width:150px;\" \/><\/div><a class=\"wp-block-latest-posts__post-title\" href=\"https:\/\/www.afd-schifferstadt.de\/?p=1599\">Stellungnahme zum Thema: Stadtpark<\/a><time datetime=\"2025-06-30T22:22:00+02:00\" class=\"wp-block-latest-posts__post-date\">30. Juni 2025<\/time><div class=\"wp-block-latest-posts__post-excerpt\">Sehr geehrte Mitb\u00fcrgerinnen und Mitb\u00fcrger, mit gro\u00dfem Bedauern und wachsendem Unverst\u00e4ndnis muss ich die aktuellen Zust\u00e4nde im neu er\u00f6ffneten Stadtpark im Herzen Schifferstadts anprangern.Was einst als Ort der Ruhe, Erholung und Gemeinschaf t geplant war, hat sich in k\u00fcrzester Zeit zu einem Treffpunkt f\u00fcr n\u00e4chtliche Ruhest\u00f6rung, Vandalismus und Missachtung grundlegender gesellschaftlicher Werte entwickelt.Die Ereignisse der &hellip; <\/div><\/li>\n<li><div class=\"wp-block-latest-posts__featured-image alignleft\"><img loading=\"lazy\" decoding=\"async\" width=\"150\" height=\"150\" src=\"https:\/\/www.afd-schifferstadt.de\/wp-content\/uploads\/2025\/06\/WhatsApp-Bild-2025-06-24-um-21.02.20_5f8b493c-150x150.jpg\" class=\"attachment-thumbnail size-thumbnail wp-post-image\" alt=\"Bild aus dem Stadtpark 2025-06-24 um 21.02.20\" style=\"max-width:150px;\" \/><\/div><a class=\"wp-block-latest-posts__post-title\" href=\"https:\/\/www.afd-schifferstadt.de\/?p=1581\">Leserbrief zur Situation im Stadtpark<\/a><time datetime=\"2025-06-29T13:59:58+02:00\" class=\"wp-block-latest-posts__post-date\">29. Juni 2025<\/time><div class=\"wp-block-latest-posts__post-excerpt\">Leserbrief zur Situation im Stadtpark&#8222;Stadtpark im Herzen Schifferstadt nachts au\u00dfer Rand und Band Am 10.5.25 wurde der neue Stadtpark im Herzen Schifferstadts er\u00f6ffnet. Lange hat es nicht gedauert, bis dieser auch ausgiebig nachts von Nachtschw\u00e4rmern entdeckt wurde. Die Schilder am Eingang bzgl. der \u00d6ffnungszeiten werden diskret von diesen \u00fcbersehen, auch was erlaubt und verboten ist, &hellip; <\/div><\/li>\n<li><a class=\"wp-block-latest-posts__post-title\" href=\"https:\/\/www.afd-schifferstadt.de\/?p=1576\">Stadtratsfraktion: Spatenstich bei AUTEC<\/a><time datetime=\"2025-06-12T17:58:29+02:00\" class=\"wp-block-latest-posts__post-date\">12. Juni 2025<\/time><div class=\"wp-block-latest-posts__post-excerpt\">Dank f\u00fcr den gelungenen Spatenstich bei AUTEC in Schifferstadt Am letzten Donnerstag war unsere Stadtratsfraktion mit zwei Mitgliedern beim Spatenstich der Firma AUTEC f\u00fcr die neue 4.300 m\u00b2 gro\u00dfe Lagerhalle im Ziegeleiweg vertreten. Die Veranstaltung war \u00e4u\u00dferst gelungen. Wir haben einige interessante Gespr\u00e4che gef\u00fchrt sowie eine inspirierende Rede des Gesch\u00e4ftsf\u00fchrers Herrn Dr. Hans-Uwe Berger geh\u00f6rt. &hellip; <\/div><\/li>\n<\/ul>\n\n\n<hr class=\"wp-block-separator has-alpha-channel-opacity is-style-default\"\/>\n\n\n<div class=\"wp-block-image\">\n<figure class=\"aligncenter size-full\"><a href=\"http:\/\/www.afd-schifferstadt.de\/wp-content\/uploads\/2025\/01\/AfD-Flugblatt-Kernforderungen.pdf\" target=\"_blank\" rel=\" noreferrer noopener\"><img loading=\"lazy\" decoding=\"async\" width=\"985\" height=\"577\" src=\"https:\/\/www.afd-schifferstadt.de\/wp-content\/uploads\/2025\/01\/Kernforderungen-AFD-Programm2025.jpg\" alt=\"\" class=\"wp-image-1548\" srcset=\"https:\/\/www.afd-schifferstadt.de\/wp-content\/uploads\/2025\/01\/Kernforderungen-AFD-Programm2025.jpg 985w, https:\/\/www.afd-schifferstadt.de\/wp-content\/uploads\/2025\/01\/Kernforderungen-AFD-Programm2025-300x176.jpg 300w, https:\/\/www.afd-schifferstadt.de\/wp-content\/uploads\/2025\/01\/Kernforderungen-AFD-Programm2025-768x450.jpg 768w, https:\/\/www.afd-schifferstadt.de\/wp-content\/uploads\/2025\/01\/Kernforderungen-AFD-Programm2025-102x60.jpg 102w\" sizes=\"auto, (max-width: 985px) 100vw, 985px\" \/><\/a><figcaption class=\"wp-element-caption\"><strong>Bitte klicken Sie auf das Bild f\u00fcr die Vollversion.<\/strong><\/figcaption><\/figure><\/div>\n\n\n<hr class=\"wp-block-separator has-css-opacity mein-trenner is-style-default\"\/>\n\n\n<div class=\"btif-instagram-feed\">\r\n<!-- This file should primarily consist of HTML with a little bit of PHP. -->\r\n<ul class=\"popup-gallery photos-3 btif-square-images\">\r\n<\/ul>\r\n\r\n<a class=\"profile-link\" href=\"https:\/\/www.instagram.com\/afd_ov_schifferstadt\" target=\"_blank\" rel=\"noreferrer\">\r\n    <span class=\"insta-icon\"><i class=\"fab fa-instagram\"><\/i><\/span>Follow Me!<\/a>\r\n\r\n<\/div>\n\n\n\n<hr class=\"wp-block-separator has-css-opacity mein-trenner is-style-default\"\/>\n\n\n<div class=\"wp-block-image is-style-default\">\n<figure class=\"aligncenter size-full\"><a href=\"http:\/\/www.afd-schifferstadt.de\/wp-content\/uploads\/2024\/03\/AfD-7-Punkte-zur-Remigration.pdf\" target=\"_blank\" rel=\"noreferrer noopener\"><img loading=\"lazy\" decoding=\"async\" width=\"1024\" height=\"512\" src=\"https:\/\/www.afd-schifferstadt.de\/wp-content\/uploads\/2024\/03\/remigration-1024x512-1.jpg\" alt=\"Remigration-Banner\" class=\"wp-image-1483\" srcset=\"https:\/\/www.afd-schifferstadt.de\/wp-content\/uploads\/2024\/03\/remigration-1024x512-1.jpg 1024w, https:\/\/www.afd-schifferstadt.de\/wp-content\/uploads\/2024\/03\/remigration-1024x512-1-300x150.jpg 300w, https:\/\/www.afd-schifferstadt.de\/wp-content\/uploads\/2024\/03\/remigration-1024x512-1-768x384.jpg 768w, https:\/\/www.afd-schifferstadt.de\/wp-content\/uploads\/2024\/03\/remigration-1024x512-1-120x60.jpg 120w\" sizes=\"auto, (max-width: 1024px) 100vw, 1024px\" \/><\/a><figcaption class=\"wp-element-caption\"><strong>Klicken Sie auf das Banner f\u00fcr ausf\u00fchrliche Erl\u00e4uterungen.<\/strong><\/figcaption><\/figure><\/div>\n\n\n<hr class=\"wp-block-separator has-css-opacity mein-trenner is-style-default\"\/>\n\n\n\n<div class=\"wp-block-columns is-layout-flex wp-container-core-columns-is-layout-9d6595d7 wp-block-columns-is-layout-flex\">\n<div class=\"wp-block-column is-layout-flow wp-block-column-is-layout-flow\">\n<div  style=\"display: block; margin: 0px auto;\"  id=\"_ytid_33318\" class=\"__youtube_prefs__  __youtube_prefs_gdpr__ \" allowfullscreen data-no-lazy=\"1\" data-skipgform_ajax_framebjll=\"\"><p><strong>Bitte akzeptieren Sie YouTube-Cookies, um dieses Video abzuspielen.<\/strong> Wenn Sie diese akzeptieren, greifen Sie auf Inhalte von YouTube zu, einem Dienst, der von einem externen Drittanbieter bereitgestellt wird.<\/p>\n<p><a href=\"https:\/\/policies.google.com\/privacy\" target=\"_blank\" rel=\"noopener\">YouTube Datenschutzerkl\u00e4rung<\/a><\/p>\n<p>Wenn Sie diesen Hinweis akzeptieren, wird Ihre Auswahl gespeichert und die Seite aktualisiert.<\/p>\n<button type=\"button\" class=\"__youtube_prefs_gdpr__\">Accept YouTube Content<img decoding=\"async\" src=\"https:\/\/www.afd-schifferstadt.de\/wp-content\/plugins\/youtube-embed-plus\/images\/icon-check.png\" alt=\"accept\" data-no-lazy=\"1\" data-skipgform_ajax_framebjll=\"\" \/><\/button><\/div>\n<\/div>\n\n\n\n<div class=\"wp-block-column is-layout-flow wp-block-column-is-layout-flow\"><div  style=\"display: block; margin: 0px auto;\"  id=\"_ytid_38917\" class=\"__youtube_prefs__  __youtube_prefs_gdpr__ \" allowfullscreen data-no-lazy=\"1\" data-skipgform_ajax_framebjll=\"\"><p><strong>Bitte akzeptieren Sie YouTube-Cookies, um dieses Video abzuspielen.<\/strong> Wenn Sie diese akzeptieren, greifen Sie auf Inhalte von YouTube zu, einem Dienst, der von einem externen Drittanbieter bereitgestellt wird.<\/p>\n<p><a href=\"https:\/\/policies.google.com\/privacy\" target=\"_blank\" rel=\"noopener\">YouTube Datenschutzerkl\u00e4rung<\/a><\/p>\n<p>Wenn Sie diesen Hinweis akzeptieren, wird Ihre Auswahl gespeichert und die Seite aktualisiert.<\/p>\n<button type=\"button\" class=\"__youtube_prefs_gdpr__\">Accept YouTube Content<img decoding=\"async\" src=\"https:\/\/www.afd-schifferstadt.de\/wp-content\/plugins\/youtube-embed-plus\/images\/icon-check.png\" alt=\"accept\" data-no-lazy=\"1\" data-skipgform_ajax_framebjll=\"\" \/><\/button><\/div><\/div>\n<\/div>\n","protected":false},"excerpt":{"rendered":"","protected":false},"author":1,"featured_media":0,"parent":0,"menu_order":1,"comment_status":"closed","ping_status":"closed","template":"","meta":{"footnotes":""},"class_list":["post-2","page","type-page","status-publish","hentry"],"_links":{"self":[{"href":"https:\/\/www.afd-schifferstadt.de\/index.php?rest_route=\/wp\/v2\/pages\/2","targetHints":{"allow":["GET"]}}],"collection":[{"href":"https:\/\/www.afd-schifferstadt.de\/index.php?rest_route=\/wp\/v2\/pages"}],"about":[{"href":"https:\/\/www.afd-schifferstadt.de\/index.php?rest_route=\/wp\/v2\/types\/page"}],"author":[{"embeddable":true,"href":"https:\/\/www.afd-schifferstadt.de\/index.php?rest_route=\/wp\/v2\/users\/1"}],"replies":[{"embeddable":true,"href":"https:\/\/www.afd-schifferstadt.de\/index.php?rest_route=%2Fwp%2Fv2%2Fcomments&post=2"}],"version-history":[{"count":101,"href":"https:\/\/www.afd-schifferstadt.de\/index.php?rest_route=\/wp\/v2\/pages\/2\/revisions"}],"predecessor-version":[{"id":1611,"href":"https:\/\/www.afd-schifferstadt.de\/index.php?rest_route=\/wp\/v2\/pages\/2\/revisions\/1611"}],"wp:attachment":[{"href":"https:\/\/www.afd-schifferstadt.de\/index.php?rest_route=%2Fwp%2Fv2%2Fmedia&parent=2"}],"curies":[{"name":"wp","href":"https:\/\/api.w.org\/{rel}","templated":true}]}}