{"id":49,"date":"2014-01-27T12:33:06","date_gmt":"2014-01-27T10:33:06","guid":{"rendered":"http:\/\/www.afd-schifferstadt.de\/?page_id=49"},"modified":"2019-05-07T22:26:09","modified_gmt":"2019-05-07T20:26:09","slug":"programm","status":"publish","type":"page","link":"https:\/\/www.afd-schifferstadt.de\/?page_id=49","title":{"rendered":"Wahlprogramm"},"content":{"rendered":"<p><a href=\"http:\/\/www.afd-schifferstadt.de\/wp-content\/uploads\/2019\/05\/flyer_schifferstadt.pdf\" target=\"_blank\" rel=\"noopener\"><img loading=\"lazy\" decoding=\"async\" class=\"wp-image-1093 aligncenter\" src=\"http:\/\/www.afd-schifferstadt.de\/wp-content\/uploads\/2019\/05\/flyer_schifferstadt-1024x727.jpg\" alt=\"Flyer Schifferstadt\" width=\"940\" height=\"667\" srcset=\"https:\/\/www.afd-schifferstadt.de\/wp-content\/uploads\/2019\/05\/flyer_schifferstadt-1024x727.jpg 1024w, https:\/\/www.afd-schifferstadt.de\/wp-content\/uploads\/2019\/05\/flyer_schifferstadt-300x213.jpg 300w, https:\/\/www.afd-schifferstadt.de\/wp-content\/uploads\/2019\/05\/flyer_schifferstadt-768x545.jpg 768w\" sizes=\"auto, (max-width: 940px) 100vw, 940px\" \/><\/a><\/p>\n<hr \/>\n<p style=\"text-align: center;\">Nachfolgend finden Sie das Wahlprogramm zur vergangenen Landtagswahl in Rheinlandpfalz:<\/p>\n<p style=\"text-align: center;\"><a href=\"http:\/\/rlp.afd-hosting.de\/wp-content\/uploads\/sites\/110\/2015\/10\/Wahlprogramm_Kurzfassung_150928.pdf\" target=\"_blank\" rel=\"noopener\">Wahlprogramm (Kurzfassung)<\/a> &#8211;\u00a0<a href=\"http:\/\/rlp.afd-hosting.de\/wp-content\/uploads\/sites\/110\/2015\/11\/wahlprogramm-ausfuehrlich.pdf\" target=\"_blank\" rel=\"noopener\">Wahlprogramm (Langfassung)<\/a><\/p>\n<hr \/>\n<p style=\"text-align: center;\"><a href=\"http:\/\/www.afd-schifferstadt.de\/wp-content\/uploads\/2019\/02\/afd-grundsatzprogramm-stuttgart_web-version.pdf\" target=\"_blank\" rel=\"noopener\">Grundsatzprogramm der AfD: Programm f\u00fcr Deutschland<\/a><\/p>\n<p style=\"text-align: center;\"><a href=\"http:\/\/www.afd-schifferstadt.de\/wp-content\/uploads\/2019\/02\/afd-grundsatzprogramm-stuttgart_web-version.pdf\" target=\"_blank\" rel=\"noopener\"><img decoding=\"async\" class=\"aligncenter\" src=\"http:\/\/www.afd-schifferstadt.de\/wp-content\/uploads\/2019\/02\/grundsatzprogramm_afd_lang_klein.jpg\" \/><\/a><\/p>\n<p style=\"text-align: center;\"><a href=\"http:\/\/www.afd-schifferstadt.de\/wp-content\/uploads\/2019\/02\/2017-06-01_AfD-Bundestagswahlprogramm_Onlinefassung_lang.pdf\" target=\"_blank\" rel=\"noopener\">Programm zur Bundestagswahl 2017<\/a><\/p>\n<hr \/>\n<p><strong>W\u00e4hrungspolitik:<\/strong><\/p>\n<ul>\n<li class=\"content-li\">Wir fordern eine geordnete Aufl\u00f6sung des Euro-W\u00e4hrungsgebietes. Deutschland braucht den Euro nicht. Anderen L\u00e4ndern schadet der Euro.<\/li>\n<li class=\"content-li\">Wir fordern die Wiedereinf\u00fchrung nationaler W\u00e4hrungen oder die Schaffung kleinerer und stabilerer W\u00e4hrungsverb\u00fcnde. Die Wiedereinf\u00fchrung der DM darf kein Tabu sein.<\/li>\n<li class=\"content-li\">\u00a0Wir fordern eine \u00c4nderung der Europ\u00e4ischen Vertr\u00e4ge, um jedem Staat ein Ausscheiden aus dem Euro zu erm\u00f6glichen. Jedes Volk muss demokratisch \u00fcber seine W\u00e4hrung entscheiden d\u00fcrfen.<\/li>\n<li class=\"content-li\">\u00a0Wir fordern, dass Deutschland dieses Austrittsrecht aus dem Euro erzwingt, indem es weitere Hilfskredite des ESM mit seinem Veto blockiert.<\/li>\n<li class=\"content-li\">\u00a0Wir fordern, dass die Kosten der sogenannten Rettungspolitik nicht vom Steuerzahler getragen werden. Banken, Hedge-Fonds und private Gro\u00dfanleger sind die Nutznie\u00dfer dieser Politik. Sie m\u00fcssen zuerst daf\u00fcr geradestehen.<\/li>\n<li class=\"content-li\">\u00a0Wir fordern, dass hoffnungslos \u00fcberschuldete Staaten wie Griechenland durch einen Schuldenschnitt entschuldet werden. Banken m\u00fcssen ihre Verluste selbst tragen oder zu Lasten ihrer privaten Gro\u00dfgl\u00e4ubiger stabilisiert werden.<\/li>\n<li class=\"content-li\">Wir fordern ein sofortiges Verbot des Ankaufs von Schrottpapieren durch die Europ\u00e4ische Zentralbank. Inflation darf nicht die Ersparnisse der B\u00fcrger aufzehren.<\/li>\n<\/ul>\n<p><strong>Europapolitik:<\/strong><\/p>\n<ul>\n<li class=\"content-li\">Wir fordern ein Europa souver\u00e4ner Staaten mit einem gemeinsamen Binnenmarkt. Wir wollen in Freundschaft und guter Nachbarschaft zusammenleben.<\/li>\n<li class=\"content-li\">\u00a0Wir fordern, das Budgetrecht den nationalen Parlamenten zu belassen. Eine Transferunion oder gar einen zentralisierten Europastaat lehnen wir entschieden ab.<\/li>\n<li class=\"content-li\">Wir fordern, Gesetzgebungskompetenzen zur\u00fcck zu den nationalen Parlamenten zu verlagern. \u00dcber Gl\u00fchbirnen und Gurkenkr\u00fcmmungen kann der Bundestag alleine entscheiden.<\/li>\n<li class=\"content-li\">Wir fordern eine Reform der EU, um die Br\u00fcsseler B\u00fcrokratie abzubauen und Transparenz und B\u00fcrgern\u00e4he zu f\u00f6rdern.<\/li>\n<li class=\"content-li\">Wir fordern, die Bez\u00fcge der Br\u00fcsseler Beamten auf Normalma\u00df zur\u00fcckzuf\u00fchren. Es ist sch\u00e4ndlich, dass Tausende Br\u00fcsseler Beamte mehr verdienen als die Bundeskanzlerin.<\/li>\n<li class=\"content-li\">Das europ\u00e4ische Parlament hat bei der Kontrolle Br\u00fcssels versagt. Wir unterst\u00fctzen nachdr\u00fccklich die Positionen David Camerons, die EU durch mehr Wettbewerb und Eigenverantwortung zu verschlanken.<\/li>\n<\/ul>\n<p><strong>Rechtsstaatlichkeit und Demokratie:<\/strong><\/p>\n<ul>\n<li class=\"content-li\">Wir fordern, den Rechtsstaat uneingeschra\u0308nkt zu achten. Staatliche Organe du\u0308rfen sich selbst in Einzel- fa\u0308llen nicht u\u0308ber Gesetze und Vertra\u0308ge hinwegsetzen. Vielmehr sind diese nach ihrem Buchstaben und nach ihrem Geist zu respektieren.<\/li>\n<li class=\"content-li\">Das Handeln jeder deutschen Regierung findet seine Beschra\u0308nkungen im Vo\u0308lkerrecht, im Grundgesetz und in den Europa\u0308ischen Vertra\u0308gen. Diese sind fu\u0308r unsere Gesellschaft von fundamentaler Bedeutung und strikt zu befolgen.<\/li>\n<li class=\"content-li\">Wir fordern eine Sta\u0308rkung der Demokratie und der demokratischen Bu\u0308rgerrechte. Wir wollen Volks- abstimmungen und -initiativen nach Schweizer Vorbild einfu\u0308hren. Das gilt insbesondere fu\u0308r die Abtretung wichtiger Befugnisse an die EU.<\/li>\n<li class=\"content-li\">Parteien sollen am politischen System mitwirken, es aber nicht beherrschen.<\/li>\n<li class=\"content-li\">Wir fordern mehr direkte Demokratie auch in den Parteien. Das Volk soll den Willen der Parteien bestimmen, nicht umgekehrt.<\/li>\n<li class=\"content-li\">Wir fordern, dass Bundestagsabgeordnete ihre volle Arbeitskraft der parlamentarischen Arbeit widmen. Das Mandat darf nicht unter bezahlten Nebenta\u0308tigkeiten leiden.<\/li>\n<li class=\"content-li\">Wir setzen uns dafu\u0308r ein, dass auch unkonventionelle Meinungen im o\u0308ffentlichen Diskurs ergebnisoffen diskutiert werden, solange die Meinungen nicht gegen die Werte des Grundgesetzes versto\u00dfen.<\/li>\n<\/ul>\n<p><strong>Staatsfinanzen und Steuern:<\/strong><\/p>\n<ul>\n<li class=\"content-li\">Wir fordern, die Schuldenbremse zu achten und die Schuldenberge abzubauen. Auch Deutschland hat viel mehr Schulden als zula\u0308ssig.<\/li>\n<li class=\"content-li\">Wir fordern, dass die Haftungsrisiken aus der Euro-Rettungspolitik endlich in der Finanzplanung beru\u0308cksichtigt werden. Derzeit wird den Bu\u0308rgern bewusst Sand in die Augen gestreut.<\/li>\n<li class=\"content-li\">Wir fordern eine drastische Vereinfachung des Steuerrechts in Anlehnung an das progressiv wirkende Kirchhof\u2019sche Steuermodell. Der Bu\u0308rger muss verstehen ko\u0308nnen, warum er in welcher Ho\u0308he besteuert wird.<\/li>\n<\/ul>\n<p><strong>Alterssicherung und Familie:<\/strong><\/p>\n<ul>\n<li class=\"content-li\">Die Eurokrise gefa\u0308hrdet alle Formen der Altersvorsorge durch U\u0308berschuldung und minimale Zinsen. Die Schulden der Eurokrise du\u0308rfen nicht zu einer Rente nach Kassenlage fu\u0308hren.<\/li>\n<li class=\"content-li\">Wir fordern, Kinder sta\u0308rker bei der Rentenberechnung zu beru\u0308cksichtigen.<\/li>\n<li class=\"content-li\">Deutschland hat zu wenige Kinder. Renten- und Krankenversicherung stehen deshalb auf to\u0308nernen Fu\u0308\u00dfen. Deutschland muss kinder- und familienfreundlicher werden.<\/li>\n<li class=\"content-li\">Wir stehen fu\u0308r den Schutz der Familie als Keimzelle der Gesellschaft. Eine solidarische Fo\u0308rderung der Familien ist eine Investition in unsere gemeinsame Zukunft und wesentlicher Teil des Generationen- vertrages.<\/li>\n<\/ul>\n<p><strong>Bildung:<\/strong><\/p>\n<ul>\n<li class=\"content-li\">Wir fordern bundesweit einheitliche Bildungsstandards orientiert an den besten Schulsystemen Deutschlands.<\/li>\n<li class=\"content-li\">Wir fordern, Bildung als Kernaufgabe der Familie zu fo\u0308rdern. Kitas und Schulen mu\u0308ssen dies sinnvoll erga\u0308nzen. Nichts ist fu\u0308r unsere Zukunft wichtiger als die Bildung unserer Kinder.<\/li>\n<li class=\"content-li\">In erster Linie sind die Eltern fu\u0308r die Bildung und Erziehung ihrer Kinder verantwortlich. Der Staat muss ihnen dabei helfen, diese Aufgabe zu erfu\u0308llen. Fru\u0308hkindliche Bildungsangebote sollen unabha\u0308ngig vom Familienhintergrund verfu\u0308gbar sein.<\/li>\n<li class=\"content-li\">Wir fordern ein qualitativ hochwertiges Universita\u0308tssystem, das den Studenten angemessene Betreuungs- und Fo\u0308rdermo\u0308glichkeiten bietet. Auch eine Ru\u0308ckkehr zu bewa\u0308hrten Diplom- und Staats- examensstudienga\u0308ngen muss mo\u0308glich sein.<\/li>\n<\/ul>\n<p><strong>Energiepolitik:<\/strong><\/p>\n<ul>\n<li class=\"content-li\">Wir fordern ein nachhaltiges Energiekonzept fu\u0308r bezahlbare Energie. Es ist unzumutbar, dass die Bevo\u0308lkerung mit drastisch steigenden Preisen fu\u0308r die kopf- und konzeptionslose Politik der Bundes- regierung bu\u0308\u00dfen muss.<\/li>\n<li class=\"content-li\">Wir fordern eine Reform des Erneuerbaren-Energien-Gesetzes (EEG). Es ist unsozial, Subventionen fu\u0308r Sonnen- und Windenergie durch die Strompreise zu finanzieren.<\/li>\n<li class=\"content-li\">Wir fordern, dass Subventionen fu\u0308r erneuerbare Energien stattdessen aus dem allgemeinen Steuer- aufkommen finanziert werden. Es muss offengelegt werden, welche Energieart wie stark subventioniert wird.<\/li>\n<\/ul>\n<p><strong>Integrationspolitik:<\/strong><\/p>\n<ul>\n<li class=\"content-li\">Wir fordern eine Neuordnung des Einwanderungsrechts. Deutschland braucht qualifizierte und integrationswillige Zuwanderung.<\/li>\n<li class=\"content-li\">Wir fordern ein Einwanderungsgesetz nach kanadischem Vorbild. Eine ungeordnete Zuwanderung in unsere Sozialsysteme muss unbedingt unterbunden werden.<\/li>\n<li class=\"content-li\">Wir fordern verpflichtende Deutsch- und Staatsb\u00fcrgerschaftskurse f\u00fcr Zuwanderer.<\/li>\n<li class=\"content-li\">Ernsthaft politisch Verfolgte m\u00fcssen in Deutschland Asyl finden k\u00f6nnen. Zu einer menschenw\u00fcrdigen Behandlung geh\u00f6rt auch, dass Asylbewerber hier arbeiten k\u00f6nnen.<\/li>\n<\/ul>\n","protected":false},"excerpt":{"rendered":"<p>Nachfolgend finden Sie das Wahlprogramm zur vergangenen Landtagswahl in Rheinlandpfalz: Wahlprogramm (Kurzfassung) &#8211;\u00a0Wahlprogramm (Langfassung) Grundsatzprogramm der AfD: Programm f\u00fcr Deutschland Programm zur Bundestagswahl 2017 W\u00e4hrungspolitik: Wir fordern eine geordnete Aufl\u00f6sung des Euro-W\u00e4hrungsgebietes. Deutschland braucht den Euro nicht. Anderen L\u00e4ndern schadet der Euro. Wir fordern die Wiedereinf\u00fchrung nationaler W\u00e4hrungen oder die Schaffung kleinerer und stabilerer W\u00e4hrungsverb\u00fcnde. &hellip; <\/p>\n","protected":false},"author":1,"featured_media":0,"parent":2,"menu_order":0,"comment_status":"closed","ping_status":"open","template":"","meta":{"footnotes":""},"class_list":["post-49","page","type-page","status-publish","hentry"],"_links":{"self":[{"href":"https:\/\/www.afd-schifferstadt.de\/index.php?rest_route=\/wp\/v2\/pages\/49","targetHints":{"allow":["GET"]}}],"collection":[{"href":"https:\/\/www.afd-schifferstadt.de\/index.php?rest_route=\/wp\/v2\/pages"}],"about":[{"href":"https:\/\/www.afd-schifferstadt.de\/index.php?rest_route=\/wp\/v2\/types\/page"}],"author":[{"embeddable":true,"href":"https:\/\/www.afd-schifferstadt.de\/index.php?rest_route=\/wp\/v2\/users\/1"}],"replies":[{"embeddable":true,"href":"https:\/\/www.afd-schifferstadt.de\/index.php?rest_route=%2Fwp%2Fv2%2Fcomments&post=49"}],"version-history":[{"count":30,"href":"https:\/\/www.afd-schifferstadt.de\/index.php?rest_route=\/wp\/v2\/pages\/49\/revisions"}],"predecessor-version":[{"id":1106,"href":"https:\/\/www.afd-schifferstadt.de\/index.php?rest_route=\/wp\/v2\/pages\/49\/revisions\/1106"}],"up":[{"embeddable":true,"href":"https:\/\/www.afd-schifferstadt.de\/index.php?rest_route=\/wp\/v2\/pages\/2"}],"wp:attachment":[{"href":"https:\/\/www.afd-schifferstadt.de\/index.php?rest_route=%2Fwp%2Fv2%2Fmedia&parent=49"}],"curies":[{"name":"wp","href":"https:\/\/api.w.org\/{rel}","templated":true}]}}