{"id":64,"date":"2014-01-27T13:08:26","date_gmt":"2014-01-27T11:08:26","guid":{"rendered":"http:\/\/www.afd-schifferstadt.de\/?page_id=64"},"modified":"2025-07-07T21:40:11","modified_gmt":"2025-07-07T19:40:11","slug":"impressum","status":"publish","type":"page","link":"https:\/\/www.afd-schifferstadt.de\/?page_id=64","title":{"rendered":"Impressum"},"content":{"rendered":"\n<p class=\"has-text-align-center\">Diese Internetpr\u00e4senz wird betrieben vom Ortsverband Schifferstadt der Alternative f\u00fcr Deutschland.<br>Alternative f\u00fcr Deutschland Ortsverband Schifferstadt vertreten durch<\/p>\n\n\n\n<p class=\"has-text-align-center\">Vorsitzender:<br>Klaus Kerber<br>67105 Schiffersadt<br>k.kerber-afd.rpk@gmx.de<\/p>\n\n\n\n<p class=\"has-text-align-center\">Inhaltlich Verantwortlicher ( Inhalt nach \u00a755 Abs. 2 RStV):<br>Klaus Kerber<br>67105 Schiffersadt<\/p>\n\n\n\n<h4 class=\"wp-block-heading has-text-align-center\">Haftung f\u00fcr externe Links<\/h4>\n\n\n\n<p class=\"has-text-align-center\">Diese Webseite verweist auf Webseiten Dritter, sog. externe Links. Die Wahlalternative f\u00fcr Deutschland kann keine Gew\u00e4hr f\u00fcr diese Webseiten \u00fcbernehmen, da f\u00fcr deren Inhalte der jeweilige Betreiber oder Anbieter verantwortlich ist. Die Wahlalternative f\u00fcr Deutschland pr\u00fcft jedoch im Vorfeld die Inhalte der externen Links, auf etwaige Rechtsverst\u00f6\u00dfe. Zum Zeitpunkt der Ver\u00f6ffentlichung auf unserer Webseite waren keine Rechtsverst\u00f6\u00dfe erkennbar. Wir haben jedoch keinen Einfluss auf die zuk\u00fcnftigen Inhalte und die Gestaltung der verlinkten Seiten. Eine Verlinkung bedeutet nicht, dass sich die Wahlalternative f\u00fcr Deutschland die Inhalte der verlinkten Seite zu Eigen macht. Ohne Hinweise auf eine konkrete Rechtsverletzung auf einer verlinkten Seite ist eine permanente \u00dcberwachung dem Betreiber nicht zumutbar. Wir werden Links, von denen uns eine Rechtsverletzung bekannt geworden ist, umgehend entfernen. Falls Bedenken bestehen, dass Inhalte dieser Webseite gegen Urheberrechte versto\u00dfen, bitten wir um Info per Email admin@afd-schifferstadt.de. Derartige Inhalte werden ggf. umgehend entfernt. Kostenforderungen ohne vorhergehende Kontaktaufnahme werden wir im Sinne der Schadensminderungspflicht (\u00a7254 Abs. 2 BGB) als unbegr\u00fcndet zur\u00fcckweisen.<\/p>\n","protected":false},"excerpt":{"rendered":"<p>Diese Internetpr\u00e4senz wird betrieben vom Ortsverband Schifferstadt der Alternative f\u00fcr Deutschland.Alternative f\u00fcr Deutschland Ortsverband Schifferstadt vertreten durch Vorsitzender:Klaus Kerber67105 Schiffersadtk.kerber-afd.rpk@gmx.de Inhaltlich Verantwortlicher ( Inhalt nach \u00a755 Abs. 2 RStV):Klaus Kerber67105 Schiffersadt Haftung f\u00fcr externe Links Diese Webseite verweist auf Webseiten Dritter, sog. externe Links. Die Wahlalternative f\u00fcr Deutschland kann keine Gew\u00e4hr f\u00fcr diese Webseiten \u00fcbernehmen, &hellip; <\/p>\n","protected":false},"author":1,"featured_media":0,"parent":0,"menu_order":0,"comment_status":"closed","ping_status":"open","template":"","meta":{"footnotes":""},"class_list":["post-64","page","type-page","status-publish","hentry"],"_links":{"self":[{"href":"https:\/\/www.afd-schifferstadt.de\/index.php?rest_route=\/wp\/v2\/pages\/64","targetHints":{"allow":["GET"]}}],"collection":[{"href":"https:\/\/www.afd-schifferstadt.de\/index.php?rest_route=\/wp\/v2\/pages"}],"about":[{"href":"https:\/\/www.afd-schifferstadt.de\/index.php?rest_route=\/wp\/v2\/types\/page"}],"author":[{"embeddable":true,"href":"https:\/\/www.afd-schifferstadt.de\/index.php?rest_route=\/wp\/v2\/users\/1"}],"replies":[{"embeddable":true,"href":"https:\/\/www.afd-schifferstadt.de\/index.php?rest_route=%2Fwp%2Fv2%2Fcomments&post=64"}],"version-history":[{"count":22,"href":"https:\/\/www.afd-schifferstadt.de\/index.php?rest_route=\/wp\/v2\/pages\/64\/revisions"}],"predecessor-version":[{"id":1604,"href":"https:\/\/www.afd-schifferstadt.de\/index.php?rest_route=\/wp\/v2\/pages\/64\/revisions\/1604"}],"wp:attachment":[{"href":"https:\/\/www.afd-schifferstadt.de\/index.php?rest_route=%2Fwp%2Fv2%2Fmedia&parent=64"}],"curies":[{"name":"wp","href":"https:\/\/api.w.org\/{rel}","templated":true}]}}