{"id":68,"date":"2014-01-27T13:17:26","date_gmt":"2014-01-27T11:17:26","guid":{"rendered":"http:\/\/www.afd-rhein-pfalzafd-schifferstadt.de\/?page_id=68"},"modified":"2018-04-13T21:08:03","modified_gmt":"2018-04-13T19:08:03","slug":"datenschutz","status":"publish","type":"page","link":"https:\/\/www.afd-schifferstadt.de\/?page_id=68","title":{"rendered":"Datenschutz"},"content":{"rendered":"<p align=\"justify\">Wir, die Alternative f\u00fcr Deutschland, nehmen den Schutz Ihrer pers\u00f6nlichen Daten sehr ernst und halten uns strikt an die Regeln der Datenschutzgesetze. Personenbezogene Daten werden auf dieser Webseite nur im technisch notwendigen Umfang erhoben. In keinem Fall werden die erhobenen Daten verkauft. Die nachfolgende Erkl\u00e4rung gibt Ihnen einen \u00dcberblick dar\u00fcber, wie wir diesen Schutz gew\u00e4hrleisten und welche Art von Daten zu welchem Zweck erhoben werden.<\/p>\n<h4><\/h4>\n<h4>Personenbezogene Daten<\/h4>\n<p align=\"justify\">Personenbezogene Daten sind Informationen zu Ihrer Identit\u00e4t. Hierunter fallen z.B. Angaben wie Name, Adresse, Telefonnummer, E-Mail-Adresse. F\u00fcr die Nutzung unserer Internetseite ist es nicht erforderlich, dass Sie personenbezogene Daten preisgeben m\u00fcssen. In bestimmten F\u00e4llen ben\u00f6tigen wir jedoch Ihren Namen und Ihre Adresse sowie weitere Angaben, damit wir die gew\u00fcnschten Dienstleistungen erbringen k\u00f6nnen.<\/p>\n<p align=\"justify\">Gleiches gilt beispielsweise f\u00fcr die Zusendung von Informationsmaterial und bestellten Waren oder f\u00fcr die Beantwortung individueller Fragen. Wo dies erforderlich ist, weisen wir Sie entsprechend darauf hin. Dar\u00fcber hinaus speichern und verarbeiten wir nur Daten, die Sie uns freiwillig oder automatisch zur Verf\u00fcgung stellen.<\/p>\n<div>\n<div>\n<div>\n<div>\n<div>\n<p align=\"justify\">Sofern Sie Service-Leistungen in Anspruch nehmen, werden in der Regel nur solche Daten erhoben, die wir zur Erbringung der Leistungen ben\u00f6tigen. Soweit wir Sie um weitergehende Daten bitten, handelt es sich um freiwillige Informationen. Die Verarbeitung personenbezogener Daten erfolgt ausschlie\u00dflich zur Erf\u00fcllung des nachgefragten Service und zur Wahrung eigener berechtigter Gesch\u00e4ftsinteressen.<\/p>\n<\/div>\n<\/div>\n<\/div>\n<\/div>\n<\/div>\n<div><\/div>\n<div>\n<div>\n<div>\n<div>\n<div>\n<h4>Datenerhebung auf dieser Internetseite<\/h4>\n<p align=\"justify\">Die Alternative f\u00fcr Deutschland erhebt und speichert automatisch in ihren Server Log Files Informationen, die Ihr Browser an uns \u00fcbermittelt. Dies sind:<\/p>\n<ul>\n<li class=\"content-li\">Browsertyp und -version<\/li>\n<li class=\"content-li\">verwendetes Betriebssystem<\/li>\n<li class=\"content-li\">Referrer URL (die zuvor besuchte Seite)<\/li>\n<li class=\"content-li\">Hostname des zugreifenden Rechners inkl. IP Adresse<\/li>\n<li class=\"content-li\">Uhrzeit der Serveranfrage<\/li>\n<\/ul>\n<p align=\"justify\">Diese Daten sind f\u00fcr die Alternative f\u00fcr Deutschland nicht bestimmten Personen zuordbar. Eine Zusammenf\u00fchrung dieser Daten mit anderen Datenquellen wird nicht vorgenommen, die Daten werden zudem nach einer statistischen Auswertung gel\u00f6scht.<\/p>\n<\/div>\n<\/div>\n<\/div>\n<\/div>\n<\/div>\n<div><\/div>\n<div>\n<div>\n<div>\n<div>\n<div>\n<h4>Zweckbestimmung<\/h4>\n<p align=\"justify\">Die von Ihnen zur Verf\u00fcgung gestellten personenbezogenen Daten verwenden wir im Allgemeinen, um Ihre Anfragen zu beantworten, Ihre Auftr\u00e4ge zu bearbeiten oder Ihnen Zugang zu bestimmten Informationen oder Angeboten zu verschaffen.<\/p>\n<p align=\"justify\">Selbstverst\u00e4ndlich respektieren wir es, wenn Sie uns Ihre personenbezogenen Daten nicht zur Unterst\u00fctzung unserer Kundenbeziehung (insbesondere f\u00fcr Direktmarketing oder zu Marktforschungszwecken) \u00fcberlassen wollen. Wir werden Ihre personenbezogenen Daten weder an Dritte verkaufen noch anderweitig vermarkten.<\/p>\n<\/div>\n<\/div>\n<\/div>\n<\/div>\n<\/div>\n<div><\/div>\n<div>\n<div>\n<div>\n<div>\n<div>\n<h4>Verwendung<\/h4>\n<p align=\"justify\">Wir werden die von Ihnen online zur Verf\u00fcgung gestellten personenbezogenen Daten nur f\u00fcr die Ihnen mitgeteilten Zwecke erheben, verarbeiten und nutzen. Eine Weitergabe Ihrer personenbezogenen Daten an Dritte erfolgt nicht ohne Ihre notwendige Einwilligung.<\/p>\n<p align=\"justify\">Erhebungen von personenbezogenen Daten sowie deren \u00dcbermittlung an auskunftsberechtigte staatliche Institutionen und Beh\u00f6rden erfolgen nur im Rahmen der einschl\u00e4gigen Gesetze bzw. sofern wir durch eine gerichtliche Entscheidung dazu verpflichtet sind. Unsere Mitarbeiter und die von uns beauftragten Dienstleistungsunternehmen sind von uns zur Verschwiegenheit und zur Einhaltung der Bestimmungen des Bundesdatenschutzgesetzes verpflichtet.<\/p>\n<\/div>\n<\/div>\n<\/div>\n<\/div>\n<\/div>\n<div><\/div>\n<div>\n<div>\n<div>\n<div>\n<div>\n<h4>Nicht personenbezogene Daten, die automatisch erfasst werden<\/h4>\n<p align=\"justify\">Bei der Nutzung unserer Internetseiten werden aus organisatorischen und technischen Gr\u00fcnden folgende Daten gespeichert: die Namen der aufgerufenen Seiten, des verwendeten Browsers und des Betriebssystems, Datum und Uhrzeit des Zugangs, verwendete Suchmaschinen, Namen heruntergeladener Dateien und ihre IP-Adresse.<\/p>\n<p align=\"justify\">Wir werten diese technischen Daten anonym und lediglich zu statistischen Zwecken aus, um unseren Internetauftritt st\u00e4ndig weiter optimieren und unsere Internetangebote noch attraktiver gestalten zu k\u00f6nnen. Diese anonymen Daten werden getrennt von personenbezogenen Informationen auf gesicherten Systemen gespeichert und lassen keine R\u00fcckschl\u00fcsse auf eine individuelle Person zu. Ihre personenbezogenen Daten und Ihre Privatsph\u00e4re sind also jederzeit gesch\u00fctzt.<\/p>\n<\/div>\n<\/div>\n<\/div>\n<\/div>\n<\/div>\n<div><\/div>\n<div>\n<div>\n<div>\n<div>\n<div>\n<h4>Sicherheit<\/h4>\n<p align=\"justify\">Wir haben technische und organisatorische Sicherheitsma\u00dfnahmen getroffen, um Ihre personenbezogenen Daten vor Verlust, Zerst\u00f6rung, Manipulation und unberechtigten Zugriff zu sch\u00fctzen. Alle unserer Mitarbeiter und alle an der Datenverarbeitung beteiligten Dritte sind auf das Bundesdatenschutzgesetz und den vertraulichen Umgang mit personenbezogenen Daten verpflichtet.<\/p>\n<p align=\"justify\">Im Falle der Erhebung und Verarbeitung pers\u00f6nlicher Daten werden die Informationen in verschl\u00fcsselter Form \u00fcbertragen, um einem Missbrauch der Daten durch Dritte vorzubeugen. Unsere Sicherungsma\u00dfnahmen werden entsprechend der technologischen Entwicklung fortlaufend \u00fcberarbeitet.<\/p>\n<\/div>\n<\/div>\n<\/div>\n<\/div>\n<\/div>\n<div><\/div>\n<div><\/div>\n<div>\n<div>\n<div>\n<div>\n<div>\n<h4>Kinder und Jugendliche<\/h4>\n<p align=\"justify\">Personen unter 18 Jahren sollten ohne Zustimmung der Eltern oder Erziehungsberechtigten keine personenbezogenen Daten an uns \u00fcbermitteln. Wir fordern keine personenbezogenen Daten von Kindern und Jugendlichen an, sammeln diese nicht und geben sie nicht an Dritte weiter.<\/p>\n<\/div>\n<\/div>\n<\/div>\n<\/div>\n<\/div>\n<div><\/div>\n<div>\n<div>\n<div>\n<div>\n<div>\n<h4>Weitergabe Ihrer Daten<\/h4>\n<p align=\"justify\">Die Alternative f\u00fcr Deutschland gibt Ihre personenbezogenen Daten nicht an Dritte weiter, au\u00dfer dies wird zur Abwicklung des Gesch\u00e4ftsverkehrs ben\u00f6tigt. Soweit die Alternative f\u00fcr Deutschland aber gesetzlich oder per Gerichtsbeschluss dazu verpflichtet wird, geben wir Ihre Daten nur an auskunftsberechtigte staatliche Institutionen und Beh\u00f6rden weiter.<\/p>\n<\/div>\n<\/div>\n<\/div>\n<\/div>\n<\/div>\n<div><\/div>\n<div>\n<div>\n<div>\n<div>\n<div>\n<h4>Kontaktformular<\/h4>\n<p align=\"justify\">Der Absender erkl\u00e4rt sich damit einverstanden, dass die angegebenen personenbezogenen Daten von der Alternative f\u00fcr Deutschland zur Bearbeitung der Anfrage sowie zu statistischen Zwecken gespeichert und verwendet werden.<\/p>\n<\/div>\n<\/div>\n<\/div>\n<\/div>\n<\/div>\n<div><\/div>\n<div>\n<div>\n<div>\n<div>\n<div>\n<h4>Cookies<\/h4>\n<p align=\"justify\">Cookies sind kleine Textdateien, die auf dem PC des Internet-Nutzers abgelegt werden. Sie dienen der Steuerung der Internet-Verbindung w\u00e4hrend Ihres Besuchs auf unseren Webseiten. Gleichzeitig erhalten wir \u00fcber diese Cookies Informationen, die es uns erm\u00f6glichen, unsere Webseiten auf die Bed\u00fcrfnisse der Besucher zu optimieren. Wir verwenden Cookies zum Teil nur f\u00fcr die Dauer des Aufenthalts auf der Webseite. Sie dienen ausschlie\u00dflich der Analyse der Webseitenverwendung. S\u00e4mtliche Cookies auf unseren Webseiten beinhalten rein technische Informationen, keine pers\u00f6nlichen Daten.<\/p>\n<\/div>\n<\/div>\n<\/div>\n<\/div>\n<\/div>\n<div><\/div>\n<div>\n<div>\n<div>\n<div>\n<div>\n<h4>Auskunftsrecht<\/h4>\n<p align=\"justify\">Sie haben jederzeit das Recht auf Auskunft \u00fcber die zu Ihrer Person gespeicherten Daten, deren Herkunft und Empf\u00e4nger sowie den Zweck der Speicherung. Auskunft \u00fcber die von Ihnen gespeicherten personenbezogenen Daten k\u00f6nnen Sie jederzeit von unserem Datenschutzbeauftragten bekommen.<\/p>\n<\/div>\n<\/div>\n<\/div>\n<\/div>\n<\/div>\n<div><\/div>\n<div>\n<div>\n<div>\n<div>\n<div>\n<h4>Widerspruchsrecht<\/h4>\n<p align=\"justify\">Weiterhin k\u00f6nnen Sie jederzeit Ihre Zustimmung zur Erhebung und Speicherung Ihrer personenbezogenen Daten durch uns widerrufen. Bei Bedarf schreiben Sie bitte eine Mail an MAILADRESSE<\/p>\n<\/div>\n<\/div>\n<\/div>\n<\/div>\n<\/div>\n<div><\/div>\n<div>\n<div>\n<div>\n<div>\n<div>\n<h4>Weitere Informationen und Datenschutzbeauftragter<\/h4>\n<p align=\"justify\">Ihr Vertrauen ist uns wichtig. Daher m\u00f6chten wir Ihnen jederzeit Rede und Antwort bez\u00fcglich der Verarbeitung Ihrer Daten stehen. Wenn Sie Fragen haben, die Ihnen diese Datenschutzerkl\u00e4rung nicht beantworten konnte oder wenn Sie zu einem Punkt vertiefte Informationen w\u00fcnschen, wenden Sie sich bitte an unseren Datenschutzbeauftragten.<\/p>\n<p align=\"justify\">Robert Neitzel<br \/>\nDatenschutz@Alternativefuer.de<\/p>\n<p align=\"justify\">Wir behalten uns das Recht vor, unsere Sicherheits- und Datenschutzma\u00dfnahmen zu ver\u00e4ndern, soweit dies wegen der technischen Entwicklung erforderlich wird. In diesen F\u00e4llen werden wir auch unsere Hinweise zum Datenschutz entsprechend anpassen. Bitte beachten Sie daher die jeweils aktuelle Version unserer Datenschutzerkl\u00e4rung.<\/p>\n<\/div>\n<\/div>\n<\/div>\n<\/div>\n<\/div>\n","protected":false},"excerpt":{"rendered":"<p>Wir, die Alternative f\u00fcr Deutschland, nehmen den Schutz Ihrer pers\u00f6nlichen Daten sehr ernst und halten uns strikt an die Regeln der Datenschutzgesetze. Personenbezogene Daten werden auf dieser Webseite nur im technisch notwendigen Umfang erhoben. In keinem Fall werden die erhobenen Daten verkauft. Die nachfolgende Erkl\u00e4rung gibt Ihnen einen \u00dcberblick dar\u00fcber, wie wir diesen Schutz gew\u00e4hrleisten &hellip; <\/p>\n","protected":false},"author":1,"featured_media":0,"parent":23,"menu_order":0,"comment_status":"closed","ping_status":"open","template":"","meta":{"footnotes":""},"class_list":["post-68","page","type-page","status-publish","hentry"],"_links":{"self":[{"href":"https:\/\/www.afd-schifferstadt.de\/index.php?rest_route=\/wp\/v2\/pages\/68","targetHints":{"allow":["GET"]}}],"collection":[{"href":"https:\/\/www.afd-schifferstadt.de\/index.php?rest_route=\/wp\/v2\/pages"}],"about":[{"href":"https:\/\/www.afd-schifferstadt.de\/index.php?rest_route=\/wp\/v2\/types\/page"}],"author":[{"embeddable":true,"href":"https:\/\/www.afd-schifferstadt.de\/index.php?rest_route=\/wp\/v2\/users\/1"}],"replies":[{"embeddable":true,"href":"https:\/\/www.afd-schifferstadt.de\/index.php?rest_route=%2Fwp%2Fv2%2Fcomments&post=68"}],"version-history":[{"count":6,"href":"https:\/\/www.afd-schifferstadt.de\/index.php?rest_route=\/wp\/v2\/pages\/68\/revisions"}],"predecessor-version":[{"id":771,"href":"https:\/\/www.afd-schifferstadt.de\/index.php?rest_route=\/wp\/v2\/pages\/68\/revisions\/771"}],"up":[{"embeddable":true,"href":"https:\/\/www.afd-schifferstadt.de\/index.php?rest_route=\/wp\/v2\/pages\/23"}],"wp:attachment":[{"href":"https:\/\/www.afd-schifferstadt.de\/index.php?rest_route=%2Fwp%2Fv2%2Fmedia&parent=68"}],"curies":[{"name":"wp","href":"https:\/\/api.w.org\/{rel}","templated":true}]}}